{"id":5105,"date":"2025-06-12T14:01:29","date_gmt":"2025-06-12T13:01:29","guid":{"rendered":"https:\/\/www.okomoments.com\/?post_type=product&#038;p=5105"},"modified":"2025-12-17T11:13:41","modified_gmt":"2025-12-17T10:13:41","slug":"full-matcha-box","status":"publish","type":"product","link":"https:\/\/www.okomoments.com\/en\/product\/full-matcha-box\/","title":{"rendered":"Full Matcha Box"},"content":{"rendered":"<p><span style=\"font-weight: 400;\">The Complete Matcha Box includes all the traditional tools needed to prepare your matcha the authentic Japanese way. The little extra? An eco-friendly, reusable bamboo case and a 30g can of Ceremony Matcha.<\/span><\/p>\n<p><strong>Contenu :<br \/>\n<\/strong>\u2022 1 bamboo whisk (chasen)<br \/>\n\u2022 1 whisk holder<br \/>\n\u2022 1 bamboo scoop (chashaku)<br \/>\n\u2022 1 fine strainer<br \/>\n\u2022 1 matcha bowl<br \/>\n\u2022 1 can of Ceremony Matcha (30g)<\/p>\n<p><strong>Why choose the Full Matcha Box:<\/strong><br \/>\n\u2713 The full matcha experience<br \/>\n\u2713 Elegant and natural design<br \/>\n\u2713 100% sustainable bamboo<br \/>\n\u2713 Perfect as a gift or for personal use<\/p>\n","protected":false},"excerpt":{"rendered":"<p><span style=\"font-weight: 400;\">The full matcha experience with all the essential tools, gathered in a beautiful bamboo box.<\/span><\/p>\n","protected":false},"featured_media":5367,"comment_status":"open","ping_status":"closed","template":"","meta":{"_seopress_robots_primary_cat":"none","_seopress_titles_title":"Box Matcha Compl\u00e8te | Oko Moments","_seopress_titles_desc":"L'exp\u00e9rience matcha compl\u00e8te avec tous les accessoires, r\u00e9unis dans une jolie box en bambou.","_seopress_robots_index":""},"product_brand":[],"product_cat":[83],"product_tag":[],"class_list":{"0":"post-5105","1":"product","2":"type-product","3":"status-publish","4":"has-post-thumbnail","6":"product_cat-accessories-en","8":"first","9":"instock","10":"taxable","11":"shipping-taxable","12":"purchasable","13":"product-type-simple"},"_links":{"self":[{"href":"https:\/\/www.okomoments.com\/en\/wp-json\/wp\/v2\/product\/5105","targetHints":{"allow":["GET"]}}],"collection":[{"href":"https:\/\/www.okomoments.com\/en\/wp-json\/wp\/v2\/product"}],"about":[{"href":"https:\/\/www.okomoments.com\/en\/wp-json\/wp\/v2\/types\/product"}],"replies":[{"embeddable":true,"href":"https:\/\/www.okomoments.com\/en\/wp-json\/wp\/v2\/comments?post=5105"}],"wp:featuredmedia":[{"embeddable":true,"href":"https:\/\/www.okomoments.com\/en\/wp-json\/wp\/v2\/media\/5367"}],"wp:attachment":[{"href":"https:\/\/www.okomoments.com\/en\/wp-json\/wp\/v2\/media?parent=5105"}],"wp:term":[{"taxonomy":"product_brand","embeddable":true,"href":"https:\/\/www.okomoments.com\/en\/wp-json\/wp\/v2\/product_brand?post=5105"},{"taxonomy":"product_cat","embeddable":true,"href":"https:\/\/www.okomoments.com\/en\/wp-json\/wp\/v2\/product_cat?post=5105"},{"taxonomy":"product_tag","embeddable":true,"href":"https:\/\/www.okomoments.com\/en\/wp-json\/wp\/v2\/product_tag?post=5105"}],"curies":[{"name":"wp","href":"https:\/\/api.w.org\/{rel}","templated":true}]}}